{"id":11211,"date":"2020-05-08T08:21:50","date_gmt":"2020-05-08T07:21:50","guid":{"rendered":"https:\/\/nsadisi.com\/politiki-ya-makambo-ya-moto\/"},"modified":"2024-05-31T15:43:07","modified_gmt":"2024-05-31T14:43:07","slug":"politiki-ya-makambo-ya-moto","status":"publish","type":"page","link":"https:\/\/nsadisi.com\/ln-cd\/politiki-ya-makambo-ya-moto\/","title":{"rendered":"Politiki ya makambo ya moto"},"content":{"rendered":"\t\t<div data-elementor-type=\"wp-page\" data-elementor-id=\"11211\" class=\"elementor elementor-11211 elementor-2972\" data-elementor-post-type=\"page\">\n\t\t\t\t<div class=\"elementor-element elementor-element-6dccf2e e-flex e-con-boxed e-con e-parent\" data-id=\"6dccf2e\" data-element_type=\"container\" data-settings=\"{&quot;background_background&quot;:&quot;gradient&quot;}\">\n\t\t\t\t\t<div class=\"e-con-inner\">\n\t\t<div class=\"elementor-element elementor-element-155fb05 e-con-full e-flex e-con e-child\" data-id=\"155fb05\" data-element_type=\"container\">\n\t\t\t\t<div class=\"elementor-element elementor-element-a0b1efb elementor-widget elementor-widget-heading\" data-id=\"a0b1efb\" data-element_type=\"widget\" data-widget_type=\"heading.default\">\n\t\t\t\t<div class=\"elementor-widget-container\">\n\t\t\t<style>\/*! elementor - v3.23.0 - 05-08-2024 *\/\n.elementor-heading-title{padding:0;margin:0;line-height:1}.elementor-widget-heading .elementor-heading-title[class*=elementor-size-]>a{color:inherit;font-size:inherit;line-height:inherit}.elementor-widget-heading .elementor-heading-title.elementor-size-small{font-size:15px}.elementor-widget-heading .elementor-heading-title.elementor-size-medium{font-size:19px}.elementor-widget-heading .elementor-heading-title.elementor-size-large{font-size:29px}.elementor-widget-heading .elementor-heading-title.elementor-size-xl{font-size:39px}.elementor-widget-heading .elementor-heading-title.elementor-size-xxl{font-size:59px}<\/style><h2 class=\"elementor-heading-title elementor-size-default\">Politiki ya makambo ya moto<\/h2>\t\t<\/div>\n\t\t\t\t<\/div>\n\t\t\t\t<div class=\"elementor-element elementor-element-ec2160b elementor-widget elementor-widget-heading\" data-id=\"ec2160b\" data-element_type=\"widget\" data-widget_type=\"heading.default\">\n\t\t\t\t<div class=\"elementor-widget-container\">\n\t\t\t<p class=\"elementor-heading-title elementor-size-default\">Ebongolamaki mpo na mbala ya nsuka: 13 Mai 2019 .<\/p>\t\t<\/div>\n\t\t\t\t<\/div>\n\t\t\t\t<\/div>\n\t\t\t\t\t<\/div>\n\t\t\t\t<\/div>\n\t\t<div class=\"elementor-element elementor-element-8dd5ed8 e-flex e-con-boxed e-con e-parent\" data-id=\"8dd5ed8\" data-element_type=\"container\">\n\t\t\t\t\t<div class=\"e-con-inner\">\n\t\t<div class=\"elementor-element elementor-element-f3afdb2 e-con-full e-flex e-con e-child\" data-id=\"f3afdb2\" data-element_type=\"container\">\n\t\t\t\t<div class=\"elementor-element elementor-element-0312481 elementor-widget elementor-widget-heading\" data-id=\"0312481\" data-element_type=\"widget\" data-widget_type=\"heading.default\">\n\t\t\t\t<div class=\"elementor-widget-container\">\n\t\t\t<h4 class=\"elementor-heading-title elementor-size-default\">Contr\u00f4leur ya ba donn\u00e9es<\/h4>\t\t<\/div>\n\t\t\t\t<\/div>\n\t\t\t\t<div class=\"elementor-element elementor-element-6c7ee12 elementor-widget elementor-widget-heading\" data-id=\"6c7ee12\" data-element_type=\"widget\" data-widget_type=\"heading.default\">\n\t\t\t\t<div class=\"elementor-widget-container\">\n\t\t\t<p class=\"elementor-heading-title elementor-size-default\">Nsadisi ezali na mokumba ya kosala ba donn\u00e9es personnelles na yo. Na maloba oyo ya kobatela makambo ya moto ye moko, tolingi koyebisa yo mpo na nini mpe na makambo nini tosalelaka makambo mosusu ya moto, ndenge oyo tobatelaka makambo na yo ya moto ye moko mpe lotomo nini ozali na yango.<\/p>\t\t<\/div>\n\t\t\t\t<\/div>\n\t\t\t\t<div class=\"elementor-element elementor-element-5d6f246 elementor-widget elementor-widget-heading\" data-id=\"5d6f246\" data-element_type=\"widget\" data-widget_type=\"heading.default\">\n\t\t\t\t<div class=\"elementor-widget-container\">\n\t\t\t<h4 class=\"elementor-heading-title elementor-size-default\">Ba raisons ya ba donn\u00e9es personnelles<\/h4>\t\t<\/div>\n\t\t\t\t<\/div>\n\t\t\t\t<div class=\"elementor-element elementor-element-96a51b4 elementor-widget elementor-widget-heading\" data-id=\"96a51b4\" data-element_type=\"widget\" data-widget_type=\"heading.default\">\n\t\t\t\t<div class=\"elementor-widget-container\">\n\t\t\t<p class=\"elementor-heading-title elementor-size-default\">Soki osaleli formulaire ya contact na site na biso ozali kotikela biso ba donn\u00e9es personnelles. Ntango otondisi formulaire ya contact na site na biso, tos\u025bngaka yo nkombo na yo, nimero na yo ya telefone, CV na yo mpe adresi ya e-mail na yo. Tosangisi ba donn\u00e9es personnelles oyo po to contacter yo.\n<br><br>\nNsadisi esalelaka ba donn\u00e9es personnelles kaka soki tozali na ba bases juridiques ya kosala yango. Tosalelaka ba donn\u00e9es personnelles na yo na kotalela ndingisa na yo. Tokoki kosala kaka ba donn\u00e9es personnelles oyo okotisi na formulaire ya contact soki ondimi. Soki ba donn\u00e9es personnelles oyo ezali te, tokoki ko contacter yo te.<\/p>\t\t<\/div>\n\t\t\t\t<\/div>\n\t\t\t\t<div class=\"elementor-element elementor-element-431dff1 elementor-widget elementor-widget-heading\" data-id=\"431dff1\" data-element_type=\"widget\" data-widget_type=\"heading.default\">\n\t\t\t\t<div class=\"elementor-widget-container\">\n\t\t\t<h4 class=\"elementor-heading-title elementor-size-default\">Bobateli ya bana<\/h4>\t\t<\/div>\n\t\t\t\t<\/div>\n\t\t\t\t<div class=\"elementor-element elementor-element-978a768 elementor-widget elementor-widget-heading\" data-id=\"978a768\" data-element_type=\"widget\" data-widget_type=\"heading.default\">\n\t\t\t\t<div class=\"elementor-widget-container\">\n\t\t\t<p class=\"elementor-heading-title elementor-size-default\">Tokobomba ba donn\u00e9es personnelles na yo ntango molai te koleka oyo esengeli. Tokobomba ba donn\u00e9es oyo opesi biso na nzela ya formulaire ya contact pendant soki esengeli pona ko r\u00e9pondre pe\/to ko trait\u00e9 demande\/question na yo.<\/p>\t\t<\/div>\n\t\t\t\t<\/div>\n\t\t\t\t<div class=\"elementor-element elementor-element-cc354e3 elementor-widget elementor-widget-heading\" data-id=\"cc354e3\" data-element_type=\"widget\" data-widget_type=\"heading.default\">\n\t\t\t\t<div class=\"elementor-widget-container\">\n\t\t\t<h4 class=\"elementor-heading-title elementor-size-default\">Bato ya misato<\/h4>\t\t<\/div>\n\t\t\t\t<\/div>\n\t\t\t\t<div class=\"elementor-element elementor-element-cecdbf2 elementor-widget elementor-widget-heading\" data-id=\"cecdbf2\" data-element_type=\"widget\" data-widget_type=\"heading.default\">\n\t\t\t\t<div class=\"elementor-widget-container\">\n\t\t\t<p class=\"elementor-heading-title elementor-size-default\">Topesaka bato mosusu te makambo na yo soki mobeko es\u025bngi yango te.\n<\/p>\t\t<\/div>\n\t\t\t\t<\/div>\n\t\t\t\t<div class=\"elementor-element elementor-element-8be5151 elementor-widget elementor-widget-heading\" data-id=\"8be5151\" data-element_type=\"widget\" data-widget_type=\"heading.default\">\n\t\t\t\t<div class=\"elementor-widget-container\">\n\t\t\t<h4 class=\"elementor-heading-title elementor-size-default\">Bobateli ya makambo na yo ya moto ye moko<\/h4>\t\t<\/div>\n\t\t\t\t<\/div>\n\t\t\t\t<div class=\"elementor-element elementor-element-05c0068 elementor-widget elementor-widget-heading\" data-id=\"05c0068\" data-element_type=\"widget\" data-widget_type=\"heading.default\">\n\t\t\t\t<div class=\"elementor-widget-container\">\n\t\t\t<p class=\"elementor-heading-title elementor-size-default\">Tomoni ete ezali na ntina mingi kosalela makambo na yo na likebi mpenza. Yango wana, tozali na mikano ya bokengi ya tekiniki mpe ya ebongiseli oyo ebongi.<\/p>\t\t<\/div>\n\t\t\t\t<\/div>\n\t\t\t\t<div class=\"elementor-element elementor-element-04c3df1 elementor-widget elementor-widget-heading\" data-id=\"04c3df1\" data-element_type=\"widget\" data-widget_type=\"heading.default\">\n\t\t\t\t<div class=\"elementor-widget-container\">\n\t\t\t<h4 class=\"elementor-heading-title elementor-size-default\">Makoki na yo<\/h4>\t\t<\/div>\n\t\t\t\t<\/div>\n\t\t\t\t<div class=\"elementor-element elementor-element-2f16625 elementor-widget elementor-widget-heading\" data-id=\"2f16625\" data-element_type=\"widget\" data-widget_type=\"heading.default\">\n\t\t\t\t<div class=\"elementor-widget-container\">\n\t\t\t<p class=\"elementor-heading-title elementor-size-default\">Ozali na lotomo ya kozwa ba donn\u00e9es na yo. Mpo na kosala yango, tinda bosengi na nzela ya contact@nsadisi.com. Ntango ozwi bosenga na yo, na boumeli ya sanza moko okozwa botali ya mozindo ya ba donn\u00e9es personnelles na yo oyo tosalelaka. Soki emonani ete makambo oyo tozali na yango mpo na yo ezali malamu te, okoki kos\u025bnga biso t\u00f3bongisa, t\u00f3bakisa, t\u00f3longola to t\u00f3kanga ba donn\u00e9es na yo. Okoki kolongola ndingisa oyo epesami na ntango nyonso.<\/p>\t\t<\/div>\n\t\t\t\t<\/div>\n\t\t\t\t<div class=\"elementor-element elementor-element-2a123e0 elementor-widget elementor-widget-heading\" data-id=\"2a123e0\" data-element_type=\"widget\" data-widget_type=\"heading.default\">\n\t\t\t\t<div class=\"elementor-widget-container\">\n\t\t\t<h4 class=\"elementor-heading-title elementor-size-default\">Makambo ya kosolola na bato<\/h4>\t\t<\/div>\n\t\t\t\t<\/div>\n\t\t\t\t<div class=\"elementor-element elementor-element-9e85413 elementor-widget elementor-widget-heading\" data-id=\"9e85413\" data-element_type=\"widget\" data-widget_type=\"heading.default\">\n\t\t\t\t<div class=\"elementor-widget-container\">\n\t\t\t<p class=\"elementor-heading-title elementor-size-default\">Mituna oyo etali maloba oyo ya kobatela makambo ya moto ye moko ekoki kotindama na e-mail na contact@nsadisi.com.\n<br><br>\nNsadisi<br>\nKinshasa, na RDC<br>\nTelephone: +243 995 029 362<br>\n<br>\nTozali mbala na mbala kosala mikolo oyo na maloba na biso. Version oyo eleki sika ekoki ntango nyonso kozwama na site Internet na biso.<\/p>\t\t<\/div>\n\t\t\t\t<\/div>\n\t\t\t\t<\/div>\n\t\t\t\t\t<\/div>\n\t\t\t\t<\/div>\n\t\t\t\t<\/div>\n\t\t","protected":false},"excerpt":{"rendered":"<p>Politiki ya makambo ya moto Ebongolamaki mpo na mbala ya nsuka: 13 Mai 2019 . Contr\u00f4leur ya ba donn\u00e9es Nsadisi ezali na mokumba ya kosala ba donn\u00e9es personnelles na yo. Na maloba oyo ya kobatela makambo ya moto ye moko, tolingi koyebisa yo mpo na nini mpe na makambo nini tosalelaka makambo mosusu ya moto, [&hellip;]<\/p>\n","protected":false},"author":1,"featured_media":0,"parent":0,"menu_order":0,"comment_status":"closed","ping_status":"closed","template":"","meta":{"_acf_changed":false,"footnotes":""},"class_list":["post-11211","page","type-page","status-publish","hentry"],"acf":[],"yoast_head":"<!-- This site is optimized with the Yoast SEO plugin v23.2 - https:\/\/yoast.com\/wordpress\/plugins\/seo\/ -->\n<title>Politiki ya makambo ya moto - Nsadisi<\/title>\n<meta name=\"robots\" content=\"index, follow, max-snippet:-1, max-image-preview:large, max-video-preview:-1\" \/>\n<link rel=\"canonical\" href=\"https:\/\/nsadisi.com\/ln-cd\/politiki-ya-makambo-ya-moto\/\" \/>\n<meta property=\"og:locale\" content=\"ln_CD\" \/>\n<meta property=\"og:type\" content=\"article\" \/>\n<meta property=\"og:title\" content=\"Politiki ya makambo ya moto - Nsadisi\" \/>\n<meta property=\"og:description\" content=\"Politiki ya makambo ya moto Ebongolamaki mpo na mbala ya nsuka: 13 Mai 2019 . Contr\u00f4leur ya ba donn\u00e9es Nsadisi ezali na mokumba ya kosala ba donn\u00e9es personnelles na yo. Na maloba oyo ya kobatela makambo ya moto ye moko, tolingi koyebisa yo mpo na nini mpe na makambo nini tosalelaka makambo mosusu ya moto, [&hellip;]\" \/>\n<meta property=\"og:url\" content=\"https:\/\/nsadisi.com\/ln-cd\/politiki-ya-makambo-ya-moto\/\" \/>\n<meta property=\"og:site_name\" content=\"Nsadisi\" \/>\n<meta property=\"article:publisher\" content=\"https:\/\/www.facebook.com\/Nsadisi\" \/>\n<meta property=\"article:modified_time\" content=\"2024-05-31T14:43:07+00:00\" \/>\n<meta property=\"og:image\" content=\"https:\/\/nsadisi.com\/wp-content\/uploads\/2024\/03\/disabilities5.jpg\" \/>\n\t<meta property=\"og:image:width\" content=\"1920\" \/>\n\t<meta property=\"og:image:height\" content=\"1281\" \/>\n\t<meta property=\"og:image:type\" content=\"image\/jpeg\" \/>\n<meta name=\"twitter:card\" content=\"summary_large_image\" \/>\n<meta name=\"twitter:label1\" content=\"Est. reading time\" \/>\n\t<meta name=\"twitter:data1\" content=\"2 minutes\" \/>\n<script type=\"application\/ld+json\" class=\"yoast-schema-graph\">{\"@context\":\"https:\/\/schema.org\",\"@graph\":[{\"@type\":\"WebPage\",\"@id\":\"https:\/\/nsadisi.com\/ln-cd\/politiki-ya-makambo-ya-moto\/\",\"url\":\"https:\/\/nsadisi.com\/ln-cd\/politiki-ya-makambo-ya-moto\/\",\"name\":\"Politiki ya makambo ya moto - Nsadisi\",\"isPartOf\":{\"@id\":\"https:\/\/nsadisi.com\/ln-cd\/#website\"},\"datePublished\":\"2020-05-08T07:21:50+00:00\",\"dateModified\":\"2024-05-31T14:43:07+00:00\",\"breadcrumb\":{\"@id\":\"https:\/\/nsadisi.com\/ln-cd\/politiki-ya-makambo-ya-moto\/#breadcrumb\"},\"inLanguage\":\"ln-CD\",\"potentialAction\":[{\"@type\":\"ReadAction\",\"target\":[\"https:\/\/nsadisi.com\/ln-cd\/politiki-ya-makambo-ya-moto\/\"]}]},{\"@type\":\"BreadcrumbList\",\"@id\":\"https:\/\/nsadisi.com\/ln-cd\/politiki-ya-makambo-ya-moto\/#breadcrumb\",\"itemListElement\":[{\"@type\":\"ListItem\",\"position\":1,\"name\":\"Accueil\",\"item\":\"https:\/\/nsadisi.com\/ln-cd\/ndako\/\"},{\"@type\":\"ListItem\",\"position\":2,\"name\":\"Politiki ya makambo ya moto\"}]},{\"@type\":\"WebSite\",\"@id\":\"https:\/\/nsadisi.com\/ln-cd\/#website\",\"url\":\"https:\/\/nsadisi.com\/ln-cd\/\",\"name\":\"Nsadisi\",\"description\":\"\",\"publisher\":{\"@id\":\"https:\/\/nsadisi.com\/ln-cd\/#organization\"},\"potentialAction\":[{\"@type\":\"SearchAction\",\"target\":{\"@type\":\"EntryPoint\",\"urlTemplate\":\"https:\/\/nsadisi.com\/ln-cd\/?s={search_term_string}\"},\"query-input\":\"required name=search_term_string\"}],\"inLanguage\":\"ln-CD\"},{\"@type\":\"Organization\",\"@id\":\"https:\/\/nsadisi.com\/ln-cd\/#organization\",\"name\":\"Nsadisi\",\"url\":\"https:\/\/nsadisi.com\/ln-cd\/\",\"logo\":{\"@type\":\"ImageObject\",\"inLanguage\":\"ln-CD\",\"@id\":\"https:\/\/nsadisi.com\/ln-cd\/#\/schema\/logo\/image\/\",\"url\":\"https:\/\/nsadisi.com\/wp-content\/uploads\/2024\/02\/NSADISI-LOGO.png\",\"contentUrl\":\"https:\/\/nsadisi.com\/wp-content\/uploads\/2024\/02\/NSADISI-LOGO.png\",\"width\":2095,\"height\":2095,\"caption\":\"Nsadisi\"},\"image\":{\"@id\":\"https:\/\/nsadisi.com\/ln-cd\/#\/schema\/logo\/image\/\"},\"sameAs\":[\"https:\/\/www.facebook.com\/Nsadisi\",\"https:\/\/www.linkedin.com\/company\/nsadisi\/\",\"https:\/\/www.youtube.com\/@nsadisi-ub5ih\"]}]}<\/script>\n<!-- \/ Yoast SEO plugin. -->","yoast_head_json":{"title":"Politiki ya makambo ya moto - Nsadisi","robots":{"index":"index","follow":"follow","max-snippet":"max-snippet:-1","max-image-preview":"max-image-preview:large","max-video-preview":"max-video-preview:-1"},"canonical":"https:\/\/nsadisi.com\/ln-cd\/politiki-ya-makambo-ya-moto\/","og_locale":"ln_CD","og_type":"article","og_title":"Politiki ya makambo ya moto - Nsadisi","og_description":"Politiki ya makambo ya moto Ebongolamaki mpo na mbala ya nsuka: 13 Mai 2019 . Contr\u00f4leur ya ba donn\u00e9es Nsadisi ezali na mokumba ya kosala ba donn\u00e9es personnelles na yo. Na maloba oyo ya kobatela makambo ya moto ye moko, tolingi koyebisa yo mpo na nini mpe na makambo nini tosalelaka makambo mosusu ya moto, [&hellip;]","og_url":"https:\/\/nsadisi.com\/ln-cd\/politiki-ya-makambo-ya-moto\/","og_site_name":"Nsadisi","article_publisher":"https:\/\/www.facebook.com\/Nsadisi","article_modified_time":"2024-05-31T14:43:07+00:00","og_image":[{"width":1920,"height":1281,"url":"https:\/\/nsadisi.com\/wp-content\/uploads\/2024\/03\/disabilities5.jpg","type":"image\/jpeg"}],"twitter_card":"summary_large_image","twitter_misc":{"Est. reading time":"2 minutes"},"schema":{"@context":"https:\/\/schema.org","@graph":[{"@type":"WebPage","@id":"https:\/\/nsadisi.com\/ln-cd\/politiki-ya-makambo-ya-moto\/","url":"https:\/\/nsadisi.com\/ln-cd\/politiki-ya-makambo-ya-moto\/","name":"Politiki ya makambo ya moto - Nsadisi","isPartOf":{"@id":"https:\/\/nsadisi.com\/ln-cd\/#website"},"datePublished":"2020-05-08T07:21:50+00:00","dateModified":"2024-05-31T14:43:07+00:00","breadcrumb":{"@id":"https:\/\/nsadisi.com\/ln-cd\/politiki-ya-makambo-ya-moto\/#breadcrumb"},"inLanguage":"ln-CD","potentialAction":[{"@type":"ReadAction","target":["https:\/\/nsadisi.com\/ln-cd\/politiki-ya-makambo-ya-moto\/"]}]},{"@type":"BreadcrumbList","@id":"https:\/\/nsadisi.com\/ln-cd\/politiki-ya-makambo-ya-moto\/#breadcrumb","itemListElement":[{"@type":"ListItem","position":1,"name":"Accueil","item":"https:\/\/nsadisi.com\/ln-cd\/ndako\/"},{"@type":"ListItem","position":2,"name":"Politiki ya makambo ya moto"}]},{"@type":"WebSite","@id":"https:\/\/nsadisi.com\/ln-cd\/#website","url":"https:\/\/nsadisi.com\/ln-cd\/","name":"Nsadisi","description":"","publisher":{"@id":"https:\/\/nsadisi.com\/ln-cd\/#organization"},"potentialAction":[{"@type":"SearchAction","target":{"@type":"EntryPoint","urlTemplate":"https:\/\/nsadisi.com\/ln-cd\/?s={search_term_string}"},"query-input":"required name=search_term_string"}],"inLanguage":"ln-CD"},{"@type":"Organization","@id":"https:\/\/nsadisi.com\/ln-cd\/#organization","name":"Nsadisi","url":"https:\/\/nsadisi.com\/ln-cd\/","logo":{"@type":"ImageObject","inLanguage":"ln-CD","@id":"https:\/\/nsadisi.com\/ln-cd\/#\/schema\/logo\/image\/","url":"https:\/\/nsadisi.com\/wp-content\/uploads\/2024\/02\/NSADISI-LOGO.png","contentUrl":"https:\/\/nsadisi.com\/wp-content\/uploads\/2024\/02\/NSADISI-LOGO.png","width":2095,"height":2095,"caption":"Nsadisi"},"image":{"@id":"https:\/\/nsadisi.com\/ln-cd\/#\/schema\/logo\/image\/"},"sameAs":["https:\/\/www.facebook.com\/Nsadisi","https:\/\/www.linkedin.com\/company\/nsadisi\/","https:\/\/www.youtube.com\/@nsadisi-ub5ih"]}]}},"_links":{"self":[{"href":"https:\/\/nsadisi.com\/ln-cd\/wp-json\/wp\/v2\/pages\/11211","targetHints":{"allow":["GET"]}}],"collection":[{"href":"https:\/\/nsadisi.com\/ln-cd\/wp-json\/wp\/v2\/pages"}],"about":[{"href":"https:\/\/nsadisi.com\/ln-cd\/wp-json\/wp\/v2\/types\/page"}],"author":[{"embeddable":true,"href":"https:\/\/nsadisi.com\/ln-cd\/wp-json\/wp\/v2\/users\/1"}],"replies":[{"embeddable":true,"href":"https:\/\/nsadisi.com\/ln-cd\/wp-json\/wp\/v2\/comments?post=11211"}],"version-history":[{"count":4,"href":"https:\/\/nsadisi.com\/ln-cd\/wp-json\/wp\/v2\/pages\/11211\/revisions"}],"predecessor-version":[{"id":11360,"href":"https:\/\/nsadisi.com\/ln-cd\/wp-json\/wp\/v2\/pages\/11211\/revisions\/11360"}],"wp:attachment":[{"href":"https:\/\/nsadisi.com\/ln-cd\/wp-json\/wp\/v2\/media?parent=11211"}],"curies":[{"name":"wp","href":"https:\/\/api.w.org\/{rel}","templated":true}]}}